{"id":3,"date":"2025-08-12T12:22:51","date_gmt":"2025-08-12T12:22:51","guid":{"rendered":"https:\/\/wohnung-ms.de\/?page_id=3"},"modified":"2025-08-25T21:27:06","modified_gmt":"2025-08-25T20:27:06","slug":"privacy-policy","status":"publish","type":"page","link":"https:\/\/wohnung-ms.de\/de\/privacy-policy\/","title":{"rendered":"Datenschutzbestimmungen"},"content":{"rendered":"<h2 class=\"wp-block-heading\">Who we are<br>Wer wir sind<\/h2>\n\n\n\n<p>We are a private party selling this real estate object. Our website address is: https:\/\/wohnung-ms.de.<\/p>\n\n\n\n<p>Wir sind eine Privatperson, die diese Immobilie verkauft. Unsere Website-Adresse lautet: https:\/\/wohnung-ms.de.<\/p>\n\n\n\n<h2 class=\"wp-block-heading\">Comments<br>Kommentare<\/h2>\n\n\n\n<p><a href=\"https:\/\/wohnung-ms.de.\">https:\/\/wohnung-ms.de.<\/a> allows no comments on this website<\/p>\n\n\n\n<p>https:\/\/wohnung-ms.de. erlaubt keine Kommentare auf dieser Website.<\/p>\n\n\n\n<h2 class=\"wp-block-heading\">Media<br>Medien<\/h2>\n\n\n\n<p>If you upload images to the website, you should avoid uploading images with embedded location data (EXIF GPS) included. Visitors to the website can download and extract any location data from images on the website.<\/p>\n\n\n\n<p>Wenn Sie Bilder auf die Website hochladen, sollten Sie vermeiden, Bilder mit eingebetteten Standortdaten (EXIF-GPS) hochzuladen. Besucher der Website k\u00f6nnen Standortdaten aus Bildern auf der Website herunterladen und extrahieren.<\/p>\n\n\n\n<h2 class=\"wp-block-heading\">Cookies<br>Cookies<\/h2>\n\n\n\n<p>Wohnung-ms.de does not use cookies to track you.<\/p>\n\n\n\n<p>Wohnung-ms.de verwendet keine Cookies, um Sie zu verfolgen.<\/p>\n\n\n\n<h2 class=\"wp-block-heading\">Embedded content from other websites<br>Eingebettete Inhalte von anderen Websites<\/h2>\n\n\n\n<p>Our Service may contain links to other sites. If you click on a third-party link, you will be directed to that site. Note that these external sites are not operated by us. Therefore, we strongly advise you to review the Privacy Policy of these websites. We have no control over, and assume no responsibility for the content, privacy policies, or practices of any third-party sites or services.<\/p>\n\n\n\n<p>Unser Service kann Links zu anderen Websites enthalten. Wenn Sie auf einen Link eines Drittanbieters klicken, werden Sie zu dieser Website weitergeleitet. Beachten Sie, dass diese externen Websites nicht von uns betrieben werden. Wir empfehlen Ihnen daher dringend, die Datenschutzrichtlinien dieser Websites zu \u00fcberpr\u00fcfen. Wir haben keine Kontrolle \u00fcber den Inhalt, die Datenschutzrichtlinien oder die Praktiken von Websites oder Diensten Dritter und \u00fcbernehmen keine Verantwortung daf\u00fcr.<\/p>\n\n\n\n<h2 class=\"wp-block-heading\">Who we share your data with<br>An wen wir Ihre Daten weitergeben<\/h2>\n\n\n\n<p>We store information on website and page visits to generate anonimyzed statistics for analysis purposes.&nbsp;<\/p>\n\n\n\n<p>When you request information by using the enquiry form, we store the data entered by you together with the information your browser allows us to retrieve. We do not store this information in our website.<\/p>\n\n\n\n<p>Wir speichern Informationen \u00fcber Website- und Seitenbesuche, um anonymisierte Statistiken f\u00fcr Analysezwecke zu erstellen.<\/p>\n\n\n\n<p>Wenn Sie \u00fcber das Kontaktformular Informationen anfordern, speichern wir die von Ihnen eingegebenen Daten zusammen mit den Informationen, die Ihr Browser uns zur Verf\u00fcgung stellt. Wir speichern diese Informationen nicht auf unserer Website.<\/p>\n\n\n\n<h2 class=\"wp-block-heading\">How long we retain your data<br>Wie lange wir Ihre Daten aufbewahren.<\/h2>\n\n\n\n<p>We store information on website and page visits to generate anonimyzed statistics for analysis purposes.&nbsp;<\/p>\n\n\n\n<p>Wir speichern Informationen \u00fcber Website- und Seitenbesuche, um anonymisierte Statistiken f\u00fcr Analysezwecke zu erstellen.<\/p>\n\n\n\n<h2 class=\"wp-block-heading\">Where your data is sent.<br>Wohin Ihre Daten gesendet werden.<\/h2>\n\n\n\n<p>Visitor comments may be checked through an automated spam detection service.<\/p>\n\n\n\n<p>Besucherkommentare k\u00f6nnen durch einen automatisierten Spam-Erkennungsdienst \u00fcberpr\u00fcft werden.<\/p>\n\n\n\n<h2 class=\"wp-block-heading\">Contact us<br>Kontaktieren Sie uns.<\/h2>\n\n\n\n<p>If you have any questions or suggestions about our Privacy Policy, contact us at webmaster@wohnung-ms.de<\/p>\n\n\n\n<p>Wenn Sie Fragen oder Anregungen zu unserer Datenschutzerkl\u00e4rung haben, wenden Sie sich bitte an webmaster@wohnung-ms.de.<\/p>","protected":false},"excerpt":{"rendered":"<p>Who we areWer wir sind We are a private party selling this real estate object. Our website address is: https:\/\/wohnung-ms.de. Wir sind eine Privatperson, die diese Immobilie verkauft. Unsere Website-Adresse lautet: https:\/\/wohnung-ms.de. CommentsKommentare https:\/\/wohnung-ms.de. allows no comments on this website https:\/\/wohnung-ms.de. erlaubt keine Kommentare auf dieser Website. MediaMedien If you upload images to the website, [&hellip;]<\/p>\n","protected":false},"author":1,"featured_media":0,"parent":0,"menu_order":2,"comment_status":"closed","ping_status":"closed","template":"no-title-sticky-header","meta":{"footnotes":""},"class_list":["post-3","page","type-page","status-publish","hentry"],"_links":{"self":[{"href":"https:\/\/wohnung-ms.de\/de\/wp-json\/wp\/v2\/pages\/3","targetHints":{"allow":["GET"]}}],"collection":[{"href":"https:\/\/wohnung-ms.de\/de\/wp-json\/wp\/v2\/pages"}],"about":[{"href":"https:\/\/wohnung-ms.de\/de\/wp-json\/wp\/v2\/types\/page"}],"author":[{"embeddable":true,"href":"https:\/\/wohnung-ms.de\/de\/wp-json\/wp\/v2\/users\/1"}],"replies":[{"embeddable":true,"href":"https:\/\/wohnung-ms.de\/de\/wp-json\/wp\/v2\/comments?post=3"}],"version-history":[{"count":3,"href":"https:\/\/wohnung-ms.de\/de\/wp-json\/wp\/v2\/pages\/3\/revisions"}],"predecessor-version":[{"id":126,"href":"https:\/\/wohnung-ms.de\/de\/wp-json\/wp\/v2\/pages\/3\/revisions\/126"}],"wp:attachment":[{"href":"https:\/\/wohnung-ms.de\/de\/wp-json\/wp\/v2\/media?parent=3"}],"curies":[{"name":"wp","href":"https:\/\/api.w.org\/{rel}","templated":true}]}}